{"id":709,"date":"2020-12-11T14:24:53","date_gmt":"2020-12-11T14:24:53","guid":{"rendered":"https:\/\/www.hello-nature.com\/br\/?page_id=709"},"modified":"2025-07-29T14:26:05","modified_gmt":"2025-07-29T14:26:05","slug":"trabalhe-conosco","status":"publish","type":"page","link":"https:\/\/www.hello-nature.com\/br\/trabalhe-conosco\/","title":{"rendered":"Trabalhe Conosco!"},"content":{"rendered":"\t\t<div data-elementor-type=\"wp-page\" data-elementor-id=\"709\" class=\"elementor elementor-709\" data-elementor-post-type=\"page\">\n\t\t\t\t\t\t<section class=\"elementor-section elementor-top-section elementor-element elementor-element-606147e elementor-section-boxed elementor-section-height-default elementor-section-height-default\" data-id=\"606147e\" data-element_type=\"section\" data-e-type=\"section\">\n\t\t\t\t\t\t<div class=\"elementor-container elementor-column-gap-default\">\n\t\t\t\t\t<div class=\"elementor-column elementor-col-50 elementor-top-column elementor-element elementor-element-e3b1f88\" data-id=\"e3b1f88\" data-element_type=\"column\" data-e-type=\"column\">\n\t\t\t<div class=\"elementor-widget-wrap elementor-element-populated\">\n\t\t\t\t\t\t<div class=\"elementor-element elementor-element-5d69d5b elementor-view-default elementor-widget elementor-widget-icon\" data-id=\"5d69d5b\" data-element_type=\"widget\" data-e-type=\"widget\" data-settings=\"{&quot;ekit_we_effect_on&quot;:&quot;none&quot;}\" data-widget_type=\"icon.default\">\n\t\t\t\t<div class=\"elementor-widget-container\">\n\t\t\t\t\t\t\t<div class=\"elementor-icon-wrapper\">\n\t\t\t<div class=\"elementor-icon\">\n\t\t\t<i aria-hidden=\"true\" class=\"fas fa-people-arrows\"><\/i>\t\t\t<\/div>\n\t\t<\/div>\n\t\t\t\t\t\t<\/div>\n\t\t\t\t<\/div>\n\t\t\t\t\t<\/div>\n\t\t<\/div>\n\t\t\t\t<div class=\"elementor-column elementor-col-50 elementor-top-column elementor-element elementor-element-0937b76\" data-id=\"0937b76\" data-element_type=\"column\" data-e-type=\"column\">\n\t\t\t<div class=\"elementor-widget-wrap elementor-element-populated\">\n\t\t\t\t\t\t<div class=\"elementor-element elementor-element-b1ef6fc elementor-widget elementor-widget-heading\" data-id=\"b1ef6fc\" data-element_type=\"widget\" data-e-type=\"widget\" data-settings=\"{&quot;ekit_we_effect_on&quot;:&quot;none&quot;}\" data-widget_type=\"heading.default\">\n\t\t\t\t<div class=\"elementor-widget-container\">\n\t\t\t\t\t<h1 class=\"elementor-heading-title elementor-size-xxl\">Trabalhe Conosco!<\/h1>\t\t\t\t<\/div>\n\t\t\t\t<\/div>\n\t\t\t\t\t<\/div>\n\t\t<\/div>\n\t\t\t\t\t<\/div>\n\t\t<\/section>\n\t\t\t\t<section class=\"elementor-section elementor-top-section elementor-element elementor-element-225c9cbb elementor-section-boxed elementor-section-height-default elementor-section-height-default\" data-id=\"225c9cbb\" data-element_type=\"section\" data-e-type=\"section\" data-settings=\"{&quot;background_background&quot;:&quot;classic&quot;,&quot;shape_divider_bottom&quot;:&quot;mountains&quot;}\">\n\t\t\t\t\t<div class=\"elementor-shape elementor-shape-bottom\" aria-hidden=\"true\" data-negative=\"false\">\n\t\t\t<svg xmlns=\"http:\/\/www.w3.org\/2000\/svg\" viewBox=\"0 0 1000 100\" preserveAspectRatio=\"none\">\n\t<path class=\"elementor-shape-fill\" opacity=\"0.33\" d=\"M473,67.3c-203.9,88.3-263.1-34-320.3,0C66,119.1,0,59.7,0,59.7V0h1000v59.7 c0,0-62.1,26.1-94.9,29.3c-32.8,3.3-62.8-12.3-75.8-22.1C806,49.6,745.3,8.7,694.9,4.7S492.4,59,473,67.3z\"\/>\n\t<path class=\"elementor-shape-fill\" opacity=\"0.66\" d=\"M734,67.3c-45.5,0-77.2-23.2-129.1-39.1c-28.6-8.7-150.3-10.1-254,39.1 s-91.7-34.4-149.2,0C115.7,118.3,0,39.8,0,39.8V0h1000v36.5c0,0-28.2-18.5-92.1-18.5C810.2,18.1,775.7,67.3,734,67.3z\"\/>\n\t<path class=\"elementor-shape-fill\" d=\"M766.1,28.9c-200-57.5-266,65.5-395.1,19.5C242,1.8,242,5.4,184.8,20.6C128,35.8,132.3,44.9,89.9,52.5C28.6,63.7,0,0,0,0 h1000c0,0-9.9,40.9-83.6,48.1S829.6,47,766.1,28.9z\"\/>\n<\/svg>\t\t<\/div>\n\t\t\t\t\t<div class=\"elementor-container elementor-column-gap-default\">\n\t\t\t\t\t<div class=\"elementor-column elementor-col-100 elementor-top-column elementor-element elementor-element-6d38c2f1\" data-id=\"6d38c2f1\" data-element_type=\"column\" data-e-type=\"column\">\n\t\t\t<div class=\"elementor-widget-wrap elementor-element-populated\">\n\t\t\t\t\t\t<div class=\"elementor-element elementor-element-1d561c0f elementor-widget elementor-widget-text-editor\" data-id=\"1d561c0f\" data-element_type=\"widget\" data-e-type=\"widget\" data-settings=\"{&quot;ekit_we_effect_on&quot;:&quot;none&quot;}\" data-widget_type=\"text-editor.default\">\n\t\t\t\t<div class=\"elementor-widget-container\">\n\t\t\t\t\t\t\t\t\t<p>Somos uma empresa familiar com uma vis\u00e3o inovadora e internacional. Uma empresa din\u00e2mica e em constante expans\u00e3o, que se baseia em dois \u201cP\u201d: Pessoas e Produtos, combinando habilidades pessoais e profissionais com tecnologias consolidadas e de ponta. Acreditamos que Pessoas e Produtos s\u00e3o fortemente interdependentes e, gra\u00e7as \u00e0 sua intera\u00e7\u00e3o cont\u00ednua, a sociedade se desenvolve e evolui. Para isso, as pessoas precisam se sentir tanto a empresa quanto os produtos como sendo seus; em uma palavra, elas precisam se considerar uma \u201ccomunidade\u201d. Toda comunidade \u00e9 baseada em valores e prioridades que s\u00e3o considerados uma parte essencial do seu trabalho; toda comunidade cresce e se desenvolve porque acredita em algo e deseja espalhar essa mensagem atrav\u00e9s do que faz, e assim produz.<\/p>\t\t\t\t\t\t\t\t<\/div>\n\t\t\t\t<\/div>\n\t\t\t\t<section class=\"elementor-section elementor-inner-section elementor-element elementor-element-32ab47e6 elementor-section-boxed elementor-section-height-default elementor-section-height-default\" data-id=\"32ab47e6\" data-element_type=\"section\" data-e-type=\"section\">\n\t\t\t\t\t\t<div class=\"elementor-container elementor-column-gap-default\">\n\t\t\t\t\t<div class=\"elementor-column elementor-col-100 elementor-inner-column elementor-element elementor-element-12f06b0a\" data-id=\"12f06b0a\" data-element_type=\"column\" data-e-type=\"column\">\n\t\t\t<div class=\"elementor-widget-wrap elementor-element-populated\">\n\t\t\t\t\t\t<div class=\"elementor-element elementor-element-1d92f79e elementor-widget elementor-widget-pp-advanced-accordion\" data-id=\"1d92f79e\" data-element_type=\"widget\" data-e-type=\"widget\" data-settings=\"{&quot;accordion_type&quot;:&quot;accordion&quot;,&quot;toggle_speed&quot;:300,&quot;ekit_we_effect_on&quot;:&quot;none&quot;}\" data-widget_type=\"pp-advanced-accordion.default\">\n\t\t\t\t<div class=\"elementor-widget-container\">\n\t\t\t\t\t\t\t<div class=\"pp-advanced-accordion pp-toggle-icon-align-right\" id=\"pp-advanced-accordion-1d92f79e\" data-accordion-id=\"1d92f79e\" role=\"tablist\">\n\t\t\t\t\t\t\t<div class=\"pp-accordion-item\">\n\t\t\t\t\t\t\t\t\t\t<div id=\"pp-accordion-tab-title-4961\" class=\"pp-accordion-tab-title\" tabindex=\"0\" data-tab=\"1\" role=\"tab\" aria-controls=\"pp-accordion-tab-content-4961\" aria-expanded=\"false\">\n\t\t\t\t\t\t<span class=\"pp-accordion-title-icon\">\n\t\t\t\t\t\t\t\t\t\t\t\t\t\t<span class=\"pp-accordion-title-text\">\n\t\t\t\t\t\t\t\tHELLO NATURE\u00ae \u00e9 uma comunidade, e pode se tornar a sua comunidade tamb\u00e9m.\t\t\t\t\t\t\t<\/span>\n\t\t\t\t\t\t<\/span>\n\t\t\t\t\t\t\t\t\t\t\t\t\t<div class=\"pp-accordion-toggle-icon\">\n\t\t\t\t\t\t\t\t\t\t\t\t\t\t\t\t\t<span class='pp-accordion-toggle-icon-close pp-icon'>\n\t\t\t\t\t\t\t\t\t\t<i aria-hidden=\"true\" class=\"fas fa-plus\"><\/i>\t\t\t\t\t\t\t\t\t<\/span>\n\t\t\t\t\t\t\t\t\t\t\t\t\t\t\t\t\t\t\t\t\t\t\t\t\t<span class='pp-accordion-toggle-icon-open pp-icon'>\n\t\t\t\t\t\t\t\t\t\t<i aria-hidden=\"true\" class=\"fas fa-minus\"><\/i>\t\t\t\t\t\t\t\t\t<\/span>\n\t\t\t\t\t\t\t\t\t\t\t\t\t\t\t<\/div>\n\t\t\t\t\t\t\t\t\t\t\t<\/div>\n\n\t\t\t\t\t<div id=\"pp-accordion-tab-content-4961\" class=\"pp-accordion-tab-content\" data-tab=\"1\" role=\"tabpanel\" aria-labelledby=\"pp-accordion-tab-title-4961\">\n\t\t\t\t\t\t<div>\u00a0<\/div><p>No DNA da empresa, encontramos o respeito pelo meio ambiente e pela sa\u00fade humana, a sustentabilidade dos processos de produ\u00e7\u00e3o e a qualidade como marca da nossa atividade. Como nosso nome, HELLO NATURE\u00ae, diz, somos os primeiros a ir ao campo para come\u00e7ar um novo dia ajudando os agricultores a ficarem mais pr\u00f3ximos da Natureza. Todos os dias, um colaborador de vendas, um oper\u00e1rio da f\u00e1brica e um pesquisador de laborat\u00f3rio come\u00e7am seu dia de trabalho na HELLO NATURE\u00ae com o objetivo de tornar o mundo um lugar melhor.<\/p><p>Garantimos igualdade de oportunidades, plena integra\u00e7\u00e3o, um ambiente de trabalho estimulante e fortes oportunidades de crescimento na empresa, permitindo que todos os nossos colaboradores expressem e desenvolvam seu profissionalismo.<\/p>\t\t\t\t\t<\/div>\n\t\t\t\t<\/div>\n\t\t\t\t\t<\/div>\n\t\t\t\t\t\t<\/div>\n\t\t\t\t<\/div>\n\t\t\t\t\t<\/div>\n\t\t<\/div>\n\t\t\t\t\t<\/div>\n\t\t<\/section>\n\t\t\t\t<section class=\"elementor-section elementor-inner-section elementor-element elementor-element-41dff44 elementor-section-boxed elementor-section-height-default elementor-section-height-default\" data-id=\"41dff44\" data-element_type=\"section\" data-e-type=\"section\">\n\t\t\t\t\t\t<div class=\"elementor-container elementor-column-gap-default\">\n\t\t\t\t\t<div class=\"elementor-column elementor-col-100 elementor-inner-column elementor-element elementor-element-1c7bad7\" data-id=\"1c7bad7\" data-element_type=\"column\" data-e-type=\"column\">\n\t\t\t<div class=\"elementor-widget-wrap elementor-element-populated\">\n\t\t\t\t\t\t<div class=\"elementor-element elementor-element-3232b21 elementor-widget elementor-widget-text-editor\" data-id=\"3232b21\" data-element_type=\"widget\" data-e-type=\"widget\" data-settings=\"{&quot;ekit_we_effect_on&quot;:&quot;none&quot;}\" data-widget_type=\"text-editor.default\">\n\t\t\t\t<div class=\"elementor-widget-container\">\n\t\t\t\t\t\t\t\t\t<h2>Quer fazer parte da nossa equipe? Escreva para n\u00f3s!<\/h2>\t\t\t\t\t\t\t\t<\/div>\n\t\t\t\t<\/div>\n\t\t\t\t\t<\/div>\n\t\t<\/div>\n\t\t\t\t\t<\/div>\n\t\t<\/section>\n\t\t\t\t\t<\/div>\n\t\t<\/div>\n\t\t\t\t\t<\/div>\n\t\t<\/section>\n\t\t\t\t<section class=\"elementor-section elementor-top-section elementor-element elementor-element-b994dcf elementor-section-boxed elementor-section-height-default elementor-section-height-default\" data-id=\"b994dcf\" data-element_type=\"section\" data-e-type=\"section\">\n\t\t\t\t\t\t<div class=\"elementor-container elementor-column-gap-default\">\n\t\t\t\t\t<div class=\"elementor-column elementor-col-100 elementor-top-column elementor-element elementor-element-5fad1f15\" data-id=\"5fad1f15\" data-element_type=\"column\" data-e-type=\"column\">\n\t\t\t<div class=\"elementor-widget-wrap elementor-element-populated\">\n\t\t\t\t\t\t<div class=\"elementor-element elementor-element-c53f069 elementor-widget elementor-widget-html\" data-id=\"c53f069\" data-element_type=\"widget\" data-e-type=\"widget\" data-settings=\"{&quot;ekit_we_effect_on&quot;:&quot;none&quot;}\" data-widget_type=\"html.default\">\n\t\t\t\t<div class=\"elementor-widget-container\">\n\t\t\t\t\t<script charset=\"utf-8\" type=\"text\/javascript\" src=\"\/\/js.hsforms.net\/forms\/embed\/v2.js\"><\/script>\r\n<script>\r\n  hbspt.forms.create({\r\n    portalId: \"20174791\",\r\n    formId: \"a304be21-f71e-41eb-bd9e-ad0d9a48c6c0\",\r\n    region: \"na1\"\r\n  });\r\n<\/script>\t\t\t\t<\/div>\n\t\t\t\t<\/div>\n\t\t\t\t\t<\/div>\n\t\t<\/div>\n\t\t\t\t\t<\/div>\n\t\t<\/section>\n\t\t\t\t<\/div>\n\t\t","protected":false},"excerpt":{"rendered":"<p>Trabalhe Conosco! Somos uma empresa familiar com uma vis\u00e3o inovadora e internacional. Uma empresa din\u00e2mica e em constante expans\u00e3o, que se baseia em dois \u201cP\u201d: Pessoas e Produtos, combinando habilidades pessoais e profissionais com tecnologias consolidadas e de ponta. Acreditamos que Pessoas e Produtos s\u00e3o fortemente interdependentes e, gra\u00e7as \u00e0 sua intera\u00e7\u00e3o cont\u00ednua, a sociedade [&hellip;]<\/p>\n","protected":false},"author":2,"featured_media":0,"parent":0,"menu_order":0,"comment_status":"closed","ping_status":"closed","template":"elementor_header_footer","meta":{"_acf_changed":false,"content-type":"","footnotes":""},"class_list":["post-709","page","type-page","status-publish","hentry"],"acf":[],"yoast_head":"<!-- This site is optimized with the Yoast SEO plugin v26.8 - https:\/\/yoast.com\/product\/yoast-seo-wordpress\/ -->\n<title>Trabalhe Conosco! - Brasil<\/title>\n<meta name=\"robots\" content=\"index, follow, max-snippet:-1, max-image-preview:large, max-video-preview:-1\" \/>\n<link rel=\"canonical\" href=\"https:\/\/www.hello-nature.com\/br\/trabalhe-conosco\/\" \/>\n<meta property=\"og:locale\" content=\"en_US\" \/>\n<meta property=\"og:type\" content=\"article\" \/>\n<meta property=\"og:title\" content=\"Trabalhe Conosco! - Brasil\" \/>\n<meta property=\"og:description\" content=\"Trabalhe Conosco! Somos uma empresa familiar com uma vis\u00e3o inovadora e internacional. Uma empresa din\u00e2mica e em constante expans\u00e3o, que se baseia em dois \u201cP\u201d: Pessoas e Produtos, combinando habilidades pessoais e profissionais com tecnologias consolidadas e de ponta. Acreditamos que Pessoas e Produtos s\u00e3o fortemente interdependentes e, gra\u00e7as \u00e0 sua intera\u00e7\u00e3o cont\u00ednua, a sociedade [&hellip;]\" \/>\n<meta property=\"og:url\" content=\"https:\/\/www.hello-nature.com\/br\/trabalhe-conosco\/\" \/>\n<meta property=\"og:site_name\" content=\"Brasil\" \/>\n<meta property=\"article:modified_time\" content=\"2025-07-29T14:26:05+00:00\" \/>\n<meta name=\"twitter:card\" content=\"summary_large_image\" \/>\n<meta name=\"twitter:label1\" content=\"Est. reading time\" \/>\n\t<meta name=\"twitter:data1\" content=\"2 minutes\" \/>\n<script type=\"application\/ld+json\" class=\"yoast-schema-graph\">{\"@context\":\"https:\/\/schema.org\",\"@graph\":[{\"@type\":\"WebPage\",\"@id\":\"https:\/\/www.hello-nature.com\/br\/trabalhe-conosco\/\",\"url\":\"https:\/\/www.hello-nature.com\/br\/trabalhe-conosco\/\",\"name\":\"Trabalhe Conosco! - Brasil\",\"isPartOf\":{\"@id\":\"https:\/\/www.hello-nature.com\/br\/#website\"},\"datePublished\":\"2020-12-11T14:24:53+00:00\",\"dateModified\":\"2025-07-29T14:26:05+00:00\",\"breadcrumb\":{\"@id\":\"https:\/\/www.hello-nature.com\/br\/trabalhe-conosco\/#breadcrumb\"},\"inLanguage\":\"en-US\",\"potentialAction\":[{\"@type\":\"ReadAction\",\"target\":[\"https:\/\/www.hello-nature.com\/br\/trabalhe-conosco\/\"]}]},{\"@type\":\"BreadcrumbList\",\"@id\":\"https:\/\/www.hello-nature.com\/br\/trabalhe-conosco\/#breadcrumb\",\"itemListElement\":[{\"@type\":\"ListItem\",\"position\":1,\"name\":\"Home\",\"item\":\"https:\/\/www.hello-nature.com\/br\/\"},{\"@type\":\"ListItem\",\"position\":2,\"name\":\"Trabalhe Conosco!\"}]},{\"@type\":\"WebSite\",\"@id\":\"https:\/\/www.hello-nature.com\/br\/#website\",\"url\":\"https:\/\/www.hello-nature.com\/br\/\",\"name\":\"Brasil\",\"description\":\"Todos os dias Hello Nature!\",\"publisher\":{\"@id\":\"https:\/\/www.hello-nature.com\/br\/#organization\"},\"potentialAction\":[{\"@type\":\"SearchAction\",\"target\":{\"@type\":\"EntryPoint\",\"urlTemplate\":\"https:\/\/www.hello-nature.com\/br\/?s={search_term_string}\"},\"query-input\":{\"@type\":\"PropertyValueSpecification\",\"valueRequired\":true,\"valueName\":\"search_term_string\"}}],\"inLanguage\":\"en-US\"},{\"@type\":\"Organization\",\"@id\":\"https:\/\/www.hello-nature.com\/br\/#organization\",\"name\":\"Hello Nature\",\"url\":\"https:\/\/www.hello-nature.com\/br\/\",\"logo\":{\"@type\":\"ImageObject\",\"inLanguage\":\"en-US\",\"@id\":\"https:\/\/www.hello-nature.com\/br\/#\/schema\/logo\/image\/\",\"url\":\"https:\/\/www.hello-nature.com\/wp-content\/uploads\/sites\/11\/2021\/01\/HN-Logo.jpg\",\"contentUrl\":\"https:\/\/www.hello-nature.com\/wp-content\/uploads\/sites\/11\/2021\/01\/HN-Logo.jpg\",\"width\":350,\"height\":250,\"caption\":\"Hello Nature\"},\"image\":{\"@id\":\"https:\/\/www.hello-nature.com\/br\/#\/schema\/logo\/image\/\"}}]}<\/script>\n<!-- \/ Yoast SEO plugin. -->","yoast_head_json":{"title":"Trabalhe Conosco! - Brasil","robots":{"index":"index","follow":"follow","max-snippet":"max-snippet:-1","max-image-preview":"max-image-preview:large","max-video-preview":"max-video-preview:-1"},"canonical":"https:\/\/www.hello-nature.com\/br\/trabalhe-conosco\/","og_locale":"en_US","og_type":"article","og_title":"Trabalhe Conosco! - Brasil","og_description":"Trabalhe Conosco! Somos uma empresa familiar com uma vis\u00e3o inovadora e internacional. Uma empresa din\u00e2mica e em constante expans\u00e3o, que se baseia em dois \u201cP\u201d: Pessoas e Produtos, combinando habilidades pessoais e profissionais com tecnologias consolidadas e de ponta. Acreditamos que Pessoas e Produtos s\u00e3o fortemente interdependentes e, gra\u00e7as \u00e0 sua intera\u00e7\u00e3o cont\u00ednua, a sociedade [&hellip;]","og_url":"https:\/\/www.hello-nature.com\/br\/trabalhe-conosco\/","og_site_name":"Brasil","article_modified_time":"2025-07-29T14:26:05+00:00","twitter_card":"summary_large_image","twitter_misc":{"Est. reading time":"2 minutes"},"schema":{"@context":"https:\/\/schema.org","@graph":[{"@type":"WebPage","@id":"https:\/\/www.hello-nature.com\/br\/trabalhe-conosco\/","url":"https:\/\/www.hello-nature.com\/br\/trabalhe-conosco\/","name":"Trabalhe Conosco! - Brasil","isPartOf":{"@id":"https:\/\/www.hello-nature.com\/br\/#website"},"datePublished":"2020-12-11T14:24:53+00:00","dateModified":"2025-07-29T14:26:05+00:00","breadcrumb":{"@id":"https:\/\/www.hello-nature.com\/br\/trabalhe-conosco\/#breadcrumb"},"inLanguage":"en-US","potentialAction":[{"@type":"ReadAction","target":["https:\/\/www.hello-nature.com\/br\/trabalhe-conosco\/"]}]},{"@type":"BreadcrumbList","@id":"https:\/\/www.hello-nature.com\/br\/trabalhe-conosco\/#breadcrumb","itemListElement":[{"@type":"ListItem","position":1,"name":"Home","item":"https:\/\/www.hello-nature.com\/br\/"},{"@type":"ListItem","position":2,"name":"Trabalhe Conosco!"}]},{"@type":"WebSite","@id":"https:\/\/www.hello-nature.com\/br\/#website","url":"https:\/\/www.hello-nature.com\/br\/","name":"Brasil","description":"Todos os dias Hello Nature!","publisher":{"@id":"https:\/\/www.hello-nature.com\/br\/#organization"},"potentialAction":[{"@type":"SearchAction","target":{"@type":"EntryPoint","urlTemplate":"https:\/\/www.hello-nature.com\/br\/?s={search_term_string}"},"query-input":{"@type":"PropertyValueSpecification","valueRequired":true,"valueName":"search_term_string"}}],"inLanguage":"en-US"},{"@type":"Organization","@id":"https:\/\/www.hello-nature.com\/br\/#organization","name":"Hello Nature","url":"https:\/\/www.hello-nature.com\/br\/","logo":{"@type":"ImageObject","inLanguage":"en-US","@id":"https:\/\/www.hello-nature.com\/br\/#\/schema\/logo\/image\/","url":"https:\/\/www.hello-nature.com\/wp-content\/uploads\/sites\/11\/2021\/01\/HN-Logo.jpg","contentUrl":"https:\/\/www.hello-nature.com\/wp-content\/uploads\/sites\/11\/2021\/01\/HN-Logo.jpg","width":350,"height":250,"caption":"Hello Nature"},"image":{"@id":"https:\/\/www.hello-nature.com\/br\/#\/schema\/logo\/image\/"}}]}},"_links":{"self":[{"href":"https:\/\/www.hello-nature.com\/br\/wp-json\/wp\/v2\/pages\/709","targetHints":{"allow":["GET"]}}],"collection":[{"href":"https:\/\/www.hello-nature.com\/br\/wp-json\/wp\/v2\/pages"}],"about":[{"href":"https:\/\/www.hello-nature.com\/br\/wp-json\/wp\/v2\/types\/page"}],"author":[{"embeddable":true,"href":"https:\/\/www.hello-nature.com\/br\/wp-json\/wp\/v2\/users\/2"}],"replies":[{"embeddable":true,"href":"https:\/\/www.hello-nature.com\/br\/wp-json\/wp\/v2\/comments?post=709"}],"version-history":[{"count":0,"href":"https:\/\/www.hello-nature.com\/br\/wp-json\/wp\/v2\/pages\/709\/revisions"}],"wp:attachment":[{"href":"https:\/\/www.hello-nature.com\/br\/wp-json\/wp\/v2\/media?parent=709"}],"curies":[{"name":"wp","href":"https:\/\/api.w.org\/{rel}","templated":true}]}}