{"id":709,"date":"2020-12-11T14:24:53","date_gmt":"2020-12-11T14:24:53","guid":{"rendered":"https:\/\/www.hello-nature.com\/es\/?page_id=709"},"modified":"2025-10-14T22:48:05","modified_gmt":"2025-10-14T22:48:05","slug":"trabaja-con-nosotros","status":"publish","type":"page","link":"https:\/\/www.hello-nature.com\/es\/trabaja-con-nosotros\/","title":{"rendered":"Trabaja con Nosotros"},"content":{"rendered":"\t\t<div data-elementor-type=\"wp-page\" data-elementor-id=\"709\" class=\"elementor elementor-709\" data-elementor-post-type=\"page\">\n\t\t\t\t\t\t<section class=\"elementor-section elementor-top-section elementor-element elementor-element-606147e elementor-section-boxed elementor-section-height-default elementor-section-height-default\" data-id=\"606147e\" data-element_type=\"section\" data-e-type=\"section\">\n\t\t\t\t\t\t<div class=\"elementor-container elementor-column-gap-default\">\n\t\t\t\t\t<div class=\"elementor-column elementor-col-50 elementor-top-column elementor-element elementor-element-e3b1f88\" data-id=\"e3b1f88\" data-element_type=\"column\" data-e-type=\"column\">\n\t\t\t<div class=\"elementor-widget-wrap elementor-element-populated\">\n\t\t\t\t\t\t<div class=\"elementor-element elementor-element-5d69d5b elementor-view-default elementor-widget elementor-widget-icon\" data-id=\"5d69d5b\" data-element_type=\"widget\" data-e-type=\"widget\" data-settings=\"{&quot;ekit_we_effect_on&quot;:&quot;none&quot;}\" data-widget_type=\"icon.default\">\n\t\t\t\t<div class=\"elementor-widget-container\">\n\t\t\t\t\t\t\t<div class=\"elementor-icon-wrapper\">\n\t\t\t<div class=\"elementor-icon\">\n\t\t\t<i aria-hidden=\"true\" class=\"fas fa-people-arrows\"><\/i>\t\t\t<\/div>\n\t\t<\/div>\n\t\t\t\t\t\t<\/div>\n\t\t\t\t<\/div>\n\t\t\t\t\t<\/div>\n\t\t<\/div>\n\t\t\t\t<div class=\"elementor-column elementor-col-50 elementor-top-column elementor-element elementor-element-0937b76\" data-id=\"0937b76\" data-element_type=\"column\" data-e-type=\"column\">\n\t\t\t<div class=\"elementor-widget-wrap elementor-element-populated\">\n\t\t\t\t\t\t<div class=\"elementor-element elementor-element-b1ef6fc elementor-widget elementor-widget-heading\" data-id=\"b1ef6fc\" data-element_type=\"widget\" data-e-type=\"widget\" data-settings=\"{&quot;ekit_we_effect_on&quot;:&quot;none&quot;}\" data-widget_type=\"heading.default\">\n\t\t\t\t<div class=\"elementor-widget-container\">\n\t\t\t\t\t<h1 class=\"elementor-heading-title elementor-size-xxl\">Trabaja Con Nosotros<\/h1>\t\t\t\t<\/div>\n\t\t\t\t<\/div>\n\t\t\t\t\t<\/div>\n\t\t<\/div>\n\t\t\t\t\t<\/div>\n\t\t<\/section>\n\t\t\t\t<section class=\"elementor-section elementor-top-section elementor-element elementor-element-225c9cbb elementor-section-boxed elementor-section-height-default elementor-section-height-default\" data-id=\"225c9cbb\" data-element_type=\"section\" data-e-type=\"section\" data-settings=\"{&quot;background_background&quot;:&quot;classic&quot;}\">\n\t\t\t\t\t\t<div class=\"elementor-container elementor-column-gap-default\">\n\t\t\t\t\t<div class=\"elementor-column elementor-col-100 elementor-top-column elementor-element elementor-element-6d38c2f1\" data-id=\"6d38c2f1\" data-element_type=\"column\" data-e-type=\"column\">\n\t\t\t<div class=\"elementor-widget-wrap elementor-element-populated\">\n\t\t\t\t\t\t<div class=\"elementor-element elementor-element-1d561c0f elementor-widget elementor-widget-text-editor\" data-id=\"1d561c0f\" data-element_type=\"widget\" data-e-type=\"widget\" data-settings=\"{&quot;ekit_we_effect_on&quot;:&quot;none&quot;}\" data-widget_type=\"text-editor.default\">\n\t\t\t\t<div class=\"elementor-widget-container\">\n\t\t\t\t\t\t\t\t\t<p>HELLO NATURE es una empresa familiar con una visi\u00f3n innovadora e internacional, Una empresa din\u00e1mica y en expansi\u00f3n continua, que se basa en dos \u201cP\u201d: Personas y Productos, juntando las capacidades personales y profesionales con tecnolog\u00edas consolidadas y vanguardistas. Estamos convencidos que Personas y Productos sean fuertemente interdependientes y gracias a su continua interacci\u00f3n la empresa se desarrolla y evoluciona. Para hacer esto, las personas deben sentir tanto la empresa que los productos como propios; en una palabra, deben considerarse una \u201ccomunidad\u201d. Toda comunidad se basa en valores y prioridades que son considerados parte esencial del propio trabajo; toda comunidad crece y se desarrolla porque cree en algo y quiere difundir este mensaje a trav\u00e9s de lo que hace, y por lo tanto produce.<\/p>\t\t\t\t\t\t\t\t<\/div>\n\t\t\t\t<\/div>\n\t\t\t\t<section class=\"elementor-section elementor-inner-section elementor-element elementor-element-32ab47e6 elementor-section-boxed elementor-section-height-default elementor-section-height-default\" data-id=\"32ab47e6\" data-element_type=\"section\" data-e-type=\"section\">\n\t\t\t\t\t\t<div class=\"elementor-container elementor-column-gap-default\">\n\t\t\t\t\t<div class=\"elementor-column elementor-col-100 elementor-inner-column elementor-element elementor-element-12f06b0a\" data-id=\"12f06b0a\" data-element_type=\"column\" data-e-type=\"column\">\n\t\t\t<div class=\"elementor-widget-wrap elementor-element-populated\">\n\t\t\t\t\t\t<div class=\"elementor-element elementor-element-1d92f79e elementor-widget elementor-widget-pp-advanced-accordion\" data-id=\"1d92f79e\" data-element_type=\"widget\" data-e-type=\"widget\" data-settings=\"{&quot;accordion_type&quot;:&quot;accordion&quot;,&quot;toggle_speed&quot;:300,&quot;ekit_we_effect_on&quot;:&quot;none&quot;}\" data-widget_type=\"pp-advanced-accordion.default\">\n\t\t\t\t<div class=\"elementor-widget-container\">\n\t\t\t\t\t\t\t<div class=\"pp-advanced-accordion pp-toggle-icon-align-right\" id=\"pp-advanced-accordion-1d92f79e\" data-accordion-id=\"1d92f79e\" role=\"tablist\">\n\t\t\t\t\t\t\t<div class=\"pp-accordion-item\">\n\t\t\t\t\t\t\t\t\t\t<div id=\"pp-accordion-tab-title-4961\" class=\"pp-accordion-tab-title\" tabindex=\"0\" data-tab=\"1\" role=\"tab\" aria-controls=\"pp-accordion-tab-content-4961\" aria-expanded=\"false\">\n\t\t\t\t\t\t<span class=\"pp-accordion-title-icon\">\n\t\t\t\t\t\t\t\t\t\t\t\t\t\t<span class=\"pp-accordion-title-text\">\n\t\t\t\t\t\t\t\tHELLO NATURE  es una comunidad y podr\u00eda llegar a ser tambi\u00e9n tu comunidad.\t\t\t\t\t\t\t<\/span>\n\t\t\t\t\t\t<\/span>\n\t\t\t\t\t\t\t\t\t\t\t\t\t<div class=\"pp-accordion-toggle-icon\">\n\t\t\t\t\t\t\t\t\t\t\t\t\t\t\t\t\t<span class='pp-accordion-toggle-icon-close pp-icon'>\n\t\t\t\t\t\t\t\t\t\t<i aria-hidden=\"true\" class=\"fas fa-plus\"><\/i>\t\t\t\t\t\t\t\t\t<\/span>\n\t\t\t\t\t\t\t\t\t\t\t\t\t\t\t\t\t\t\t\t\t\t\t\t\t<span class='pp-accordion-toggle-icon-open pp-icon'>\n\t\t\t\t\t\t\t\t\t\t<i aria-hidden=\"true\" class=\"fas fa-minus\"><\/i>\t\t\t\t\t\t\t\t\t<\/span>\n\t\t\t\t\t\t\t\t\t\t\t\t\t\t\t<\/div>\n\t\t\t\t\t\t\t\t\t\t\t<\/div>\n\n\t\t\t\t\t<div id=\"pp-accordion-tab-content-4961\" class=\"pp-accordion-tab-content\" data-tab=\"1\" role=\"tabpanel\" aria-labelledby=\"pp-accordion-tab-title-4961\">\n\t\t\t\t\t\t<p>En el profundo de ADN de la empresa encontramos el respeto por e medio-ambiente y la salud humana, encontramos la sostenibilidad de los procesos productivos, encontramos la calidad como signo distintivo de nuestra actividad. Como nuestro nombre HELLO NATURE. Dice, somos los primeros tomar el campo para iniciar un nuevo d\u00eda para ayudar los agricultores y estar mas cerca a la naturaleza. Cada d\u00eda un responsable de ventas, un obrero del establecimiento y un investigador de laboratorio empiezan su d\u00eda de trabajo en HELLO NATURE con el objetivo de hacer este mundo un lugar mejor.<\/p><p>Aseguramos plena igualdad, integraci\u00f3n total, un ambiente de trabajo estimulante y fuertes oportunidades de crecimiento en la empresa, para permitir a todos nuestros empleados de expresar y desarrollar su propia profesionalidad,<\/p>\t\t\t\t\t<\/div>\n\t\t\t\t<\/div>\n\t\t\t\t\t<\/div>\n\t\t\t\t\t\t<\/div>\n\t\t\t\t<\/div>\n\t\t\t\t\t<\/div>\n\t\t<\/div>\n\t\t\t\t\t<\/div>\n\t\t<\/section>\n\t\t\t\t<section class=\"elementor-section elementor-inner-section elementor-element elementor-element-41dff44 elementor-section-boxed elementor-section-height-default elementor-section-height-default\" data-id=\"41dff44\" data-element_type=\"section\" data-e-type=\"section\">\n\t\t\t\t\t\t<div class=\"elementor-container elementor-column-gap-default\">\n\t\t\t\t\t<div class=\"elementor-column elementor-col-100 elementor-inner-column elementor-element elementor-element-1c7bad7\" data-id=\"1c7bad7\" data-element_type=\"column\" data-e-type=\"column\">\n\t\t\t<div class=\"elementor-widget-wrap elementor-element-populated\">\n\t\t\t\t\t\t<div class=\"elementor-element elementor-element-3232b21 elementor-widget elementor-widget-text-editor\" data-id=\"3232b21\" data-element_type=\"widget\" data-e-type=\"widget\" data-settings=\"{&quot;ekit_we_effect_on&quot;:&quot;none&quot;}\" data-widget_type=\"text-editor.default\">\n\t\t\t\t<div class=\"elementor-widget-container\">\n\t\t\t\t\t\t\t\t\t<h2>Quieres ser parte de nuestro equipo? Escr\u00edbenos!<\/h2>\t\t\t\t\t\t\t\t<\/div>\n\t\t\t\t<\/div>\n\t\t\t\t\t<\/div>\n\t\t<\/div>\n\t\t\t\t\t<\/div>\n\t\t<\/section>\n\t\t\t\t\t<\/div>\n\t\t<\/div>\n\t\t\t\t\t<\/div>\n\t\t<\/section>\n\t\t\t\t<section class=\"elementor-section elementor-top-section elementor-element elementor-element-b994dcf elementor-section-boxed elementor-section-height-default elementor-section-height-default\" data-id=\"b994dcf\" data-element_type=\"section\" data-e-type=\"section\">\n\t\t\t\t\t\t<div class=\"elementor-container elementor-column-gap-default\">\n\t\t\t\t\t<div class=\"elementor-column elementor-col-100 elementor-top-column elementor-element elementor-element-5fad1f15\" data-id=\"5fad1f15\" data-element_type=\"column\" data-e-type=\"column\">\n\t\t\t<div class=\"elementor-widget-wrap elementor-element-populated\">\n\t\t\t\t\t\t<div class=\"elementor-element elementor-element-4e1ade8 elementor-widget elementor-widget-html\" data-id=\"4e1ade8\" data-element_type=\"widget\" data-e-type=\"widget\" data-settings=\"{&quot;ekit_we_effect_on&quot;:&quot;none&quot;}\" data-widget_type=\"html.default\">\n\t\t\t\t<div class=\"elementor-widget-container\">\n\t\t\t\t\t<script charset=\"utf-8\" type=\"text\/javascript\" src=\"\/\/js.hsforms.net\/forms\/embed\/v2.js\"><\/script>\r\n<script>\r\n  hbspt.forms.create({\r\n    region: \"na1\",\r\n    portalId: \"20174791\",\r\n    formId: \"daaee952-731c-4da6-aa2a-f0309ada694a\"\r\n  });\r\n<\/script>\t\t\t\t<\/div>\n\t\t\t\t<\/div>\n\t\t\t\t\t<\/div>\n\t\t<\/div>\n\t\t\t\t\t<\/div>\n\t\t<\/section>\n\t\t\t\t<\/div>\n\t\t","protected":false},"excerpt":{"rendered":"<p>Trabaja Con Nosotros HELLO NATURE es una empresa familiar con una visi\u00f3n innovadora e internacional, Una empresa din\u00e1mica y en expansi\u00f3n continua, que se basa en dos \u201cP\u201d: Personas y Productos, juntando las capacidades personales y profesionales con tecnolog\u00edas consolidadas y vanguardistas. Estamos convencidos que Personas y Productos sean fuertemente interdependientes y gracias a su [&hellip;]<\/p>\n","protected":false},"author":2,"featured_media":0,"parent":0,"menu_order":0,"comment_status":"closed","ping_status":"closed","template":"elementor_header_footer","meta":{"_acf_changed":false,"content-type":"","footnotes":""},"class_list":["post-709","page","type-page","status-publish","hentry"],"acf":[],"yoast_head":"<!-- This site is optimized with the Yoast SEO plugin v26.8 - https:\/\/yoast.com\/product\/yoast-seo-wordpress\/ -->\n<title>Trabaja con Nosotros - Hello Nature<\/title>\n<meta name=\"robots\" content=\"index, follow, max-snippet:-1, max-image-preview:large, max-video-preview:-1\" \/>\n<link rel=\"canonical\" href=\"https:\/\/www.hello-nature.com\/es\/trabaja-con-nosotros\/\" \/>\n<meta property=\"og:locale\" content=\"en_US\" \/>\n<meta property=\"og:type\" content=\"article\" \/>\n<meta property=\"og:title\" content=\"Trabaja con Nosotros - Hello Nature\" \/>\n<meta property=\"og:description\" content=\"Trabaja Con Nosotros HELLO NATURE es una empresa familiar con una visi\u00f3n innovadora e internacional, Una empresa din\u00e1mica y en expansi\u00f3n continua, que se basa en dos \u201cP\u201d: Personas y Productos, juntando las capacidades personales y profesionales con tecnolog\u00edas consolidadas y vanguardistas. Estamos convencidos que Personas y Productos sean fuertemente interdependientes y gracias a su [&hellip;]\" \/>\n<meta property=\"og:url\" content=\"https:\/\/www.hello-nature.com\/es\/trabaja-con-nosotros\/\" \/>\n<meta property=\"og:site_name\" content=\"Hello Nature\" \/>\n<meta property=\"article:modified_time\" content=\"2025-10-14T22:48:05+00:00\" \/>\n<meta name=\"twitter:card\" content=\"summary_large_image\" \/>\n<meta name=\"twitter:label1\" content=\"Est. reading time\" \/>\n\t<meta name=\"twitter:data1\" content=\"2 minutes\" \/>\n<script type=\"application\/ld+json\" class=\"yoast-schema-graph\">{\"@context\":\"https:\/\/schema.org\",\"@graph\":[{\"@type\":\"WebPage\",\"@id\":\"https:\/\/www.hello-nature.com\/es\/trabaja-con-nosotros\/\",\"url\":\"https:\/\/www.hello-nature.com\/es\/trabaja-con-nosotros\/\",\"name\":\"Trabaja con Nosotros - Hello Nature\",\"isPartOf\":{\"@id\":\"https:\/\/www.hello-nature.com\/es\/#website\"},\"datePublished\":\"2020-12-11T14:24:53+00:00\",\"dateModified\":\"2025-10-14T22:48:05+00:00\",\"breadcrumb\":{\"@id\":\"https:\/\/www.hello-nature.com\/es\/trabaja-con-nosotros\/#breadcrumb\"},\"inLanguage\":\"en-US\",\"potentialAction\":[{\"@type\":\"ReadAction\",\"target\":[\"https:\/\/www.hello-nature.com\/es\/trabaja-con-nosotros\/\"]}]},{\"@type\":\"BreadcrumbList\",\"@id\":\"https:\/\/www.hello-nature.com\/es\/trabaja-con-nosotros\/#breadcrumb\",\"itemListElement\":[{\"@type\":\"ListItem\",\"position\":1,\"name\":\"Home\",\"item\":\"https:\/\/www.hello-nature.com\/es\/\"},{\"@type\":\"ListItem\",\"position\":2,\"name\":\"Trabaja con Nosotros\"}]},{\"@type\":\"WebSite\",\"@id\":\"https:\/\/www.hello-nature.com\/es\/#website\",\"url\":\"https:\/\/www.hello-nature.com\/es\/\",\"name\":\"Hello Nature\",\"description\":\"Everyday Hello Nature!\",\"publisher\":{\"@id\":\"https:\/\/www.hello-nature.com\/es\/#organization\"},\"potentialAction\":[{\"@type\":\"SearchAction\",\"target\":{\"@type\":\"EntryPoint\",\"urlTemplate\":\"https:\/\/www.hello-nature.com\/es\/?s={search_term_string}\"},\"query-input\":{\"@type\":\"PropertyValueSpecification\",\"valueRequired\":true,\"valueName\":\"search_term_string\"}}],\"inLanguage\":\"en-US\"},{\"@type\":\"Organization\",\"@id\":\"https:\/\/www.hello-nature.com\/es\/#organization\",\"name\":\"Hello Nature\",\"url\":\"https:\/\/www.hello-nature.com\/es\/\",\"logo\":{\"@type\":\"ImageObject\",\"inLanguage\":\"en-US\",\"@id\":\"https:\/\/www.hello-nature.com\/es\/#\/schema\/logo\/image\/\",\"url\":\"https:\/\/www.hello-nature.com\/wp-content\/uploads\/sites\/5\/2021\/01\/HN-Logo.jpg\",\"contentUrl\":\"https:\/\/www.hello-nature.com\/wp-content\/uploads\/sites\/5\/2021\/01\/HN-Logo.jpg\",\"width\":350,\"height\":250,\"caption\":\"Hello Nature\"},\"image\":{\"@id\":\"https:\/\/www.hello-nature.com\/es\/#\/schema\/logo\/image\/\"}}]}<\/script>\n<!-- \/ Yoast SEO plugin. -->","yoast_head_json":{"title":"Trabaja con Nosotros - Hello Nature","robots":{"index":"index","follow":"follow","max-snippet":"max-snippet:-1","max-image-preview":"max-image-preview:large","max-video-preview":"max-video-preview:-1"},"canonical":"https:\/\/www.hello-nature.com\/es\/trabaja-con-nosotros\/","og_locale":"en_US","og_type":"article","og_title":"Trabaja con Nosotros - Hello Nature","og_description":"Trabaja Con Nosotros HELLO NATURE es una empresa familiar con una visi\u00f3n innovadora e internacional, Una empresa din\u00e1mica y en expansi\u00f3n continua, que se basa en dos \u201cP\u201d: Personas y Productos, juntando las capacidades personales y profesionales con tecnolog\u00edas consolidadas y vanguardistas. Estamos convencidos que Personas y Productos sean fuertemente interdependientes y gracias a su [&hellip;]","og_url":"https:\/\/www.hello-nature.com\/es\/trabaja-con-nosotros\/","og_site_name":"Hello Nature","article_modified_time":"2025-10-14T22:48:05+00:00","twitter_card":"summary_large_image","twitter_misc":{"Est. reading time":"2 minutes"},"schema":{"@context":"https:\/\/schema.org","@graph":[{"@type":"WebPage","@id":"https:\/\/www.hello-nature.com\/es\/trabaja-con-nosotros\/","url":"https:\/\/www.hello-nature.com\/es\/trabaja-con-nosotros\/","name":"Trabaja con Nosotros - Hello Nature","isPartOf":{"@id":"https:\/\/www.hello-nature.com\/es\/#website"},"datePublished":"2020-12-11T14:24:53+00:00","dateModified":"2025-10-14T22:48:05+00:00","breadcrumb":{"@id":"https:\/\/www.hello-nature.com\/es\/trabaja-con-nosotros\/#breadcrumb"},"inLanguage":"en-US","potentialAction":[{"@type":"ReadAction","target":["https:\/\/www.hello-nature.com\/es\/trabaja-con-nosotros\/"]}]},{"@type":"BreadcrumbList","@id":"https:\/\/www.hello-nature.com\/es\/trabaja-con-nosotros\/#breadcrumb","itemListElement":[{"@type":"ListItem","position":1,"name":"Home","item":"https:\/\/www.hello-nature.com\/es\/"},{"@type":"ListItem","position":2,"name":"Trabaja con Nosotros"}]},{"@type":"WebSite","@id":"https:\/\/www.hello-nature.com\/es\/#website","url":"https:\/\/www.hello-nature.com\/es\/","name":"Hello Nature","description":"Everyday Hello Nature!","publisher":{"@id":"https:\/\/www.hello-nature.com\/es\/#organization"},"potentialAction":[{"@type":"SearchAction","target":{"@type":"EntryPoint","urlTemplate":"https:\/\/www.hello-nature.com\/es\/?s={search_term_string}"},"query-input":{"@type":"PropertyValueSpecification","valueRequired":true,"valueName":"search_term_string"}}],"inLanguage":"en-US"},{"@type":"Organization","@id":"https:\/\/www.hello-nature.com\/es\/#organization","name":"Hello Nature","url":"https:\/\/www.hello-nature.com\/es\/","logo":{"@type":"ImageObject","inLanguage":"en-US","@id":"https:\/\/www.hello-nature.com\/es\/#\/schema\/logo\/image\/","url":"https:\/\/www.hello-nature.com\/wp-content\/uploads\/sites\/5\/2021\/01\/HN-Logo.jpg","contentUrl":"https:\/\/www.hello-nature.com\/wp-content\/uploads\/sites\/5\/2021\/01\/HN-Logo.jpg","width":350,"height":250,"caption":"Hello Nature"},"image":{"@id":"https:\/\/www.hello-nature.com\/es\/#\/schema\/logo\/image\/"}}]}},"_links":{"self":[{"href":"https:\/\/www.hello-nature.com\/es\/wp-json\/wp\/v2\/pages\/709","targetHints":{"allow":["GET"]}}],"collection":[{"href":"https:\/\/www.hello-nature.com\/es\/wp-json\/wp\/v2\/pages"}],"about":[{"href":"https:\/\/www.hello-nature.com\/es\/wp-json\/wp\/v2\/types\/page"}],"author":[{"embeddable":true,"href":"https:\/\/www.hello-nature.com\/es\/wp-json\/wp\/v2\/users\/2"}],"replies":[{"embeddable":true,"href":"https:\/\/www.hello-nature.com\/es\/wp-json\/wp\/v2\/comments?post=709"}],"version-history":[{"count":0,"href":"https:\/\/www.hello-nature.com\/es\/wp-json\/wp\/v2\/pages\/709\/revisions"}],"wp:attachment":[{"href":"https:\/\/www.hello-nature.com\/es\/wp-json\/wp\/v2\/media?parent=709"}],"curies":[{"name":"wp","href":"https:\/\/api.w.org\/{rel}","templated":true}]}}