{"id":1490,"date":"2021-01-14T15:47:19","date_gmt":"2021-01-14T15:47:19","guid":{"rendered":"https:\/\/www.hello-nature.com\/it\/?post_type=product&#038;p=1490"},"modified":"2026-01-27T16:19:37","modified_gmt":"2026-01-27T16:19:37","slug":"keylan-fe","status":"publish","type":"product","link":"https:\/\/www.hello-nature.com\/it\/prodotto\/keylan-fe\/","title":{"rendered":"KeyLan Fe Liquid"},"content":{"rendered":"<p><img fetchpriority=\"high\" decoding=\"async\" class=\"alignnone  wp-image-4554\" src=\"https:\/\/www.hello-nature.com\/it\/wp-content\/uploads\/sites\/2\/2021\/01\/awards-keylan-fe-scaled-e1769530762429-500x271.png\" alt=\"\" width=\"360\" height=\"195\" srcset=\"https:\/\/www.hello-nature.com\/it\/wp-content\/uploads\/sites\/2\/2021\/01\/awards-keylan-fe-scaled-e1769530762429-500x271.png 500w, https:\/\/www.hello-nature.com\/it\/wp-content\/uploads\/sites\/2\/2021\/01\/awards-keylan-fe-scaled-e1769530762429-1024x554.png 1024w, https:\/\/www.hello-nature.com\/it\/wp-content\/uploads\/sites\/2\/2021\/01\/awards-keylan-fe-scaled-e1769530762429-150x81.png 150w, https:\/\/www.hello-nature.com\/it\/wp-content\/uploads\/sites\/2\/2021\/01\/awards-keylan-fe-scaled-e1769530762429-768x416.png 768w, https:\/\/www.hello-nature.com\/it\/wp-content\/uploads\/sites\/2\/2021\/01\/awards-keylan-fe-scaled-e1769530762429-1536x832.png 1536w, https:\/\/www.hello-nature.com\/it\/wp-content\/uploads\/sites\/2\/2021\/01\/awards-keylan-fe-scaled-e1769530762429-2048x1109.png 2048w, https:\/\/www.hello-nature.com\/it\/wp-content\/uploads\/sites\/2\/2021\/01\/awards-keylan-fe-scaled-e1769530762429-1200x650.png 1200w, https:\/\/www.hello-nature.com\/it\/wp-content\/uploads\/sites\/2\/2021\/01\/awards-keylan-fe-scaled-e1769530762429-1980x1072.png 1980w, https:\/\/www.hello-nature.com\/it\/wp-content\/uploads\/sites\/2\/2021\/01\/awards-keylan-fe-scaled-e1769530762429-600x325.png 600w, https:\/\/www.hello-nature.com\/it\/wp-content\/uploads\/sites\/2\/2021\/01\/awards-keylan-fe-scaled-e1769530762429-64x35.png 64w\" sizes=\"(max-width: 360px) 100vw, 360px\" \/><\/p>\n<p>Keylan Fe Liquid \u00e8 una soluzione innovativa per la nutrizione delle piante che svolge, allo stesso tempo, anche un&#8217;azione biostimolante. Apporta Ferro in un\u2019esclusiva forma biochelata che \u00e8 prontamente disponibile per l\u2019assorbimento della pianta e non lascia residui nell\u2019ambiente o sulle colture. Keylan Fe Liquid \u00e8 un prodotto naturale ed \u00e8 la soluzione ideale sia per l&#8217;agricoltura convenzionale sia per l\u2019agricoltura biologica, quando l&#8217;obiettivo \u00e8 ottimizzare l&#8217;assorbimento del ferro stimolando, allo stesso tempo, il metabolismo delle piante grazie alla presenza dei peptidi vegetali.<\/p>\n<p>KEYLAN Fe Liquid si basa sull&#8217;esclusiva tecnologia di BIOCHELATION, la cui molecola \u00e9 stata registrata come nuova sostanza REACH (Iron Biochelate). La nuova gamma KEYLAN comprene un range di prodotti caratterizzati da elevata stabilit\u00e0 e biodegradabilit\u00e0. Inoltre, l\u2019efficacia \u00e8 paragonabile a quella dei chelati di sintesi come EDDHA, EDTA e altri. La forma biochelata rende il ferro prontamente disponibile per l&#8217;assorbimento delle piante, con una disponibilit\u00e0 prolungata dell\u2019elemento nel suolo. L\u2019efficacia \u00e8 costante in un&#8217;ampia gamma di pH del suolo, oltre ad essere rispettoso della biodiversit\u00e0 e innocuo per gli organismi viventi. Keylan Fe Liquid svolge anche un&#8217;attivit\u00e0 biostimolante che aiuta ad aumentare la tolleranza allo stress, migliora l&#8217;assorbimento e l&#8217;efficienza d&#8217;uso dei nutrienti, incrementa la resa, la qualit\u00e0 dei frutti e la resilienza delle piante. Grazie all\u2019innovativa tecnologia di origine naturale, Keylan Fe \u00e8 consentito in agricoltura biologica ed \u00e8 il partner ideale per l\u2019agricoltura sostenibile.<\/p>\n","protected":false},"excerpt":{"rendered":"<p>Keylan Fe \u00e8 una soluzione innovativa per la nutrizione delle piante che svolge, allo stesso tempo, anche un&#8217;azione biostimolante. Apporta Ferro in un\u2019esclusiva forma biochelata che \u00e8 prontamente disponibile per l\u2019assorbimento della pianta e non lascia residui nell\u2019ambiente o sulle colture. Keylan Fe \u00e8 un prodotto naturale ed \u00e8 la soluzione ideale sia per l&#8217;agricoltura convenzionale sia per l\u2019agricoltura biologica, quando l&#8217;obiettivo \u00e8 ottimizzare l&#8217;assorbimento del ferro stimolando, allo stesso tempo, il metabolismo delle piante grazie alla presenza dei peptidi vegetali.<\/p>\n","protected":false},"featured_media":4433,"template":"","meta":{"_acf_changed":false,"content-type":""},"product_brand":[],"product_cat":[81,80,79,82,97,91,110,117,84,111,123,73,78,120],"product_tag":[],"class_list":{"0":"post-1490","1":"product","2":"type-product","3":"status-publish","4":"has-post-thumbnail","6":"product_cat-agricoltura-biologica","7":"product_cat-antistress","8":"product_cat-carenza-di-nutrienti","9":"product_cat-concimazione-del-suolo","10":"product_cat-ferro","11":"product_cat-nutrizione-avanzata-fertirrigazione","12":"product_cat-idrolizzati-proteici-di-origine-vegetale","13":"product_cat-melo","14":"product_cat-nutrizione-avanzata","15":"product_cat-plant-stimulanting-petides","16":"product_cat-pomodoro","17":"product_cat-appplicazione-radicale","18":"product_cat-resa-e-qualita","19":"product_cat-vite","21":"first","22":"instock","23":"shipping-taxable","24":"product-type-simple"},"acf":[],"yoast_head":"<!-- This site is optimized with the Yoast SEO plugin v26.8 - https:\/\/yoast.com\/product\/yoast-seo-wordpress\/ -->\n<title>KeyLan Fe Liquid - Hello Nature Italy<\/title>\n<meta name=\"description\" content=\"Keylan Fe \u00e8 una soluzione innovativa per la nutrizione delle piante che svolge, allo stesso tempo, anche un&#039;azione biostimolante.\" \/>\n<meta name=\"robots\" content=\"index, follow, max-snippet:-1, max-image-preview:large, max-video-preview:-1\" \/>\n<link rel=\"canonical\" href=\"https:\/\/www.hello-nature.com\/it\/prodotto\/keylan-fe\/\" \/>\n<meta property=\"og:locale\" content=\"en_US\" \/>\n<meta property=\"og:type\" content=\"article\" \/>\n<meta property=\"og:title\" content=\"KeyLan Fe Liquid - Hello Nature Italy\" \/>\n<meta property=\"og:description\" content=\"Keylan Fe \u00e8 una soluzione innovativa per la nutrizione delle piante che svolge, allo stesso tempo, anche un&#039;azione biostimolante.\" \/>\n<meta property=\"og:url\" content=\"https:\/\/www.hello-nature.com\/it\/prodotto\/keylan-fe\/\" \/>\n<meta property=\"og:site_name\" content=\"Hello Nature Italy\" \/>\n<meta property=\"article:modified_time\" content=\"2026-01-27T16:19:37+00:00\" \/>\n<meta property=\"og:image\" content=\"https:\/\/www.hello-nature.com\/it\/wp-content\/uploads\/sites\/2\/2024\/10\/keylan-fe-liquid-product-image-IT-IT-web.jpg\" \/>\n\t<meta property=\"og:image:width\" content=\"2560\" \/>\n\t<meta property=\"og:image:height\" content=\"2502\" \/>\n\t<meta property=\"og:image:type\" content=\"image\/jpeg\" \/>\n<meta name=\"twitter:card\" content=\"summary_large_image\" \/>\n<meta name=\"twitter:label1\" content=\"Price\" \/>\n\t<meta name=\"twitter:data1\" content=\"\" \/>\n\t<meta name=\"twitter:label2\" content=\"Availability\" \/>\n\t<meta name=\"twitter:data2\" content=\"In stock\" \/>\n<script type=\"application\/ld+json\" class=\"yoast-schema-graph\">{\"@context\":\"https:\/\/schema.org\",\"@graph\":[{\"@type\":\"WebPage\",\"@id\":\"https:\/\/www.hello-nature.com\/it\/prodotto\/keylan-fe\/\",\"url\":\"https:\/\/www.hello-nature.com\/it\/prodotto\/keylan-fe\/\",\"name\":\"KeyLan Fe Liquid - Hello Nature Italy\",\"isPartOf\":{\"@id\":\"https:\/\/www.hello-nature.com\/it\/#website\"},\"primaryImageOfPage\":{\"@id\":\"https:\/\/www.hello-nature.com\/it\/prodotto\/keylan-fe\/#primaryimage\"},\"image\":{\"@id\":\"https:\/\/www.hello-nature.com\/it\/prodotto\/keylan-fe\/#primaryimage\"},\"thumbnailUrl\":\"https:\/\/www.hello-nature.com\/it\/wp-content\/uploads\/sites\/2\/2024\/10\/keylan-fe-liquid-product-image-IT-IT-web.jpg\",\"datePublished\":\"2021-01-14T15:47:19+00:00\",\"dateModified\":\"2026-01-27T16:19:37+00:00\",\"description\":\"Keylan Fe \u00e8 una soluzione innovativa per la nutrizione delle piante che svolge, allo stesso tempo, anche un'azione biostimolante.\",\"breadcrumb\":{\"@id\":\"https:\/\/www.hello-nature.com\/it\/prodotto\/keylan-fe\/#breadcrumb\"},\"inLanguage\":\"en-US\",\"potentialAction\":[{\"@type\":\"ReadAction\",\"target\":[\"https:\/\/www.hello-nature.com\/it\/prodotto\/keylan-fe\/\"]}]},{\"@type\":\"ImageObject\",\"inLanguage\":\"en-US\",\"@id\":\"https:\/\/www.hello-nature.com\/it\/prodotto\/keylan-fe\/#primaryimage\",\"url\":\"https:\/\/www.hello-nature.com\/it\/wp-content\/uploads\/sites\/2\/2024\/10\/keylan-fe-liquid-product-image-IT-IT-web.jpg\",\"contentUrl\":\"https:\/\/www.hello-nature.com\/it\/wp-content\/uploads\/sites\/2\/2024\/10\/keylan-fe-liquid-product-image-IT-IT-web.jpg\",\"width\":2560,\"height\":2502},{\"@type\":\"BreadcrumbList\",\"@id\":\"https:\/\/www.hello-nature.com\/it\/prodotto\/keylan-fe\/#breadcrumb\",\"itemListElement\":[{\"@type\":\"ListItem\",\"position\":1,\"name\":\"Home\",\"item\":\"https:\/\/www.hello-nature.com\/it\/\"},{\"@type\":\"ListItem\",\"position\":2,\"name\":\"Prodotti\",\"item\":\"https:\/\/www.hello-nature.com\/it\/shop\/\"},{\"@type\":\"ListItem\",\"position\":3,\"name\":\"KeyLan Fe Liquid\"}]},{\"@type\":\"WebSite\",\"@id\":\"https:\/\/www.hello-nature.com\/it\/#website\",\"url\":\"https:\/\/www.hello-nature.com\/it\/\",\"name\":\"Hello Nature Italy\",\"description\":\"Everyday Hello Nature!\",\"publisher\":{\"@id\":\"https:\/\/www.hello-nature.com\/it\/#organization\"},\"potentialAction\":[{\"@type\":\"SearchAction\",\"target\":{\"@type\":\"EntryPoint\",\"urlTemplate\":\"https:\/\/www.hello-nature.com\/it\/?s={search_term_string}\"},\"query-input\":{\"@type\":\"PropertyValueSpecification\",\"valueRequired\":true,\"valueName\":\"search_term_string\"}}],\"inLanguage\":\"en-US\"},{\"@type\":\"Organization\",\"@id\":\"https:\/\/www.hello-nature.com\/it\/#organization\",\"name\":\"Hello Nature\",\"url\":\"https:\/\/www.hello-nature.com\/it\/\",\"logo\":{\"@type\":\"ImageObject\",\"inLanguage\":\"en-US\",\"@id\":\"https:\/\/www.hello-nature.com\/it\/#\/schema\/logo\/image\/\",\"url\":\"https:\/\/www.hello-nature.com\/wp-content\/uploads\/sites\/5\/2021\/01\/HN-Logo.jpg\",\"contentUrl\":\"https:\/\/www.hello-nature.com\/wp-content\/uploads\/sites\/5\/2021\/01\/HN-Logo.jpg\",\"width\":350,\"height\":250,\"caption\":\"Hello Nature\"},\"image\":{\"@id\":\"https:\/\/www.hello-nature.com\/it\/#\/schema\/logo\/image\/\"}}]}<\/script>\n<meta property=\"product:price:currency\" content=\"GBP\" \/>\n<meta property=\"og:availability\" content=\"instock\" \/>\n<meta property=\"product:availability\" content=\"instock\" \/>\n<meta property=\"product:condition\" content=\"new\" \/>\n<!-- \/ Yoast SEO plugin. -->","yoast_head_json":{"title":"KeyLan Fe Liquid - Hello Nature Italy","description":"Keylan Fe \u00e8 una soluzione innovativa per la nutrizione delle piante che svolge, allo stesso tempo, anche un'azione biostimolante.","robots":{"index":"index","follow":"follow","max-snippet":"max-snippet:-1","max-image-preview":"max-image-preview:large","max-video-preview":"max-video-preview:-1"},"canonical":"https:\/\/www.hello-nature.com\/it\/prodotto\/keylan-fe\/","og_locale":"en_US","og_type":"article","og_title":"KeyLan Fe Liquid - Hello Nature Italy","og_description":"Keylan Fe \u00e8 una soluzione innovativa per la nutrizione delle piante che svolge, allo stesso tempo, anche un'azione biostimolante.","og_url":"https:\/\/www.hello-nature.com\/it\/prodotto\/keylan-fe\/","og_site_name":"Hello Nature Italy","article_modified_time":"2026-01-27T16:19:37+00:00","og_image":[{"width":2560,"height":2502,"url":"https:\/\/www.hello-nature.com\/it\/wp-content\/uploads\/sites\/2\/2024\/10\/keylan-fe-liquid-product-image-IT-IT-web.jpg","type":"image\/jpeg"}],"twitter_card":"summary_large_image","twitter_misc":{"Price":"","Availability":"In stock"},"schema":{"@context":"https:\/\/schema.org","@graph":[{"@type":"WebPage","@id":"https:\/\/www.hello-nature.com\/it\/prodotto\/keylan-fe\/","url":"https:\/\/www.hello-nature.com\/it\/prodotto\/keylan-fe\/","name":"KeyLan Fe Liquid - Hello Nature Italy","isPartOf":{"@id":"https:\/\/www.hello-nature.com\/it\/#website"},"primaryImageOfPage":{"@id":"https:\/\/www.hello-nature.com\/it\/prodotto\/keylan-fe\/#primaryimage"},"image":{"@id":"https:\/\/www.hello-nature.com\/it\/prodotto\/keylan-fe\/#primaryimage"},"thumbnailUrl":"https:\/\/www.hello-nature.com\/it\/wp-content\/uploads\/sites\/2\/2024\/10\/keylan-fe-liquid-product-image-IT-IT-web.jpg","datePublished":"2021-01-14T15:47:19+00:00","dateModified":"2026-01-27T16:19:37+00:00","description":"Keylan Fe \u00e8 una soluzione innovativa per la nutrizione delle piante che svolge, allo stesso tempo, anche un'azione biostimolante.","breadcrumb":{"@id":"https:\/\/www.hello-nature.com\/it\/prodotto\/keylan-fe\/#breadcrumb"},"inLanguage":"en-US","potentialAction":[{"@type":"ReadAction","target":["https:\/\/www.hello-nature.com\/it\/prodotto\/keylan-fe\/"]}]},{"@type":"ImageObject","inLanguage":"en-US","@id":"https:\/\/www.hello-nature.com\/it\/prodotto\/keylan-fe\/#primaryimage","url":"https:\/\/www.hello-nature.com\/it\/wp-content\/uploads\/sites\/2\/2024\/10\/keylan-fe-liquid-product-image-IT-IT-web.jpg","contentUrl":"https:\/\/www.hello-nature.com\/it\/wp-content\/uploads\/sites\/2\/2024\/10\/keylan-fe-liquid-product-image-IT-IT-web.jpg","width":2560,"height":2502},{"@type":"BreadcrumbList","@id":"https:\/\/www.hello-nature.com\/it\/prodotto\/keylan-fe\/#breadcrumb","itemListElement":[{"@type":"ListItem","position":1,"name":"Home","item":"https:\/\/www.hello-nature.com\/it\/"},{"@type":"ListItem","position":2,"name":"Prodotti","item":"https:\/\/www.hello-nature.com\/it\/shop\/"},{"@type":"ListItem","position":3,"name":"KeyLan Fe Liquid"}]},{"@type":"WebSite","@id":"https:\/\/www.hello-nature.com\/it\/#website","url":"https:\/\/www.hello-nature.com\/it\/","name":"Hello Nature Italy","description":"Everyday Hello Nature!","publisher":{"@id":"https:\/\/www.hello-nature.com\/it\/#organization"},"potentialAction":[{"@type":"SearchAction","target":{"@type":"EntryPoint","urlTemplate":"https:\/\/www.hello-nature.com\/it\/?s={search_term_string}"},"query-input":{"@type":"PropertyValueSpecification","valueRequired":true,"valueName":"search_term_string"}}],"inLanguage":"en-US"},{"@type":"Organization","@id":"https:\/\/www.hello-nature.com\/it\/#organization","name":"Hello Nature","url":"https:\/\/www.hello-nature.com\/it\/","logo":{"@type":"ImageObject","inLanguage":"en-US","@id":"https:\/\/www.hello-nature.com\/it\/#\/schema\/logo\/image\/","url":"https:\/\/www.hello-nature.com\/wp-content\/uploads\/sites\/5\/2021\/01\/HN-Logo.jpg","contentUrl":"https:\/\/www.hello-nature.com\/wp-content\/uploads\/sites\/5\/2021\/01\/HN-Logo.jpg","width":350,"height":250,"caption":"Hello Nature"},"image":{"@id":"https:\/\/www.hello-nature.com\/it\/#\/schema\/logo\/image\/"}}]},"product_price_currency":"GBP","og_availability":"instock","product_availability":"instock","product_condition":"new"},"_links":{"self":[{"href":"https:\/\/www.hello-nature.com\/it\/wp-json\/wp\/v2\/product\/1490","targetHints":{"allow":["GET"]}}],"collection":[{"href":"https:\/\/www.hello-nature.com\/it\/wp-json\/wp\/v2\/product"}],"about":[{"href":"https:\/\/www.hello-nature.com\/it\/wp-json\/wp\/v2\/types\/product"}],"wp:featuredmedia":[{"embeddable":true,"href":"https:\/\/www.hello-nature.com\/it\/wp-json\/wp\/v2\/media\/4433"}],"wp:attachment":[{"href":"https:\/\/www.hello-nature.com\/it\/wp-json\/wp\/v2\/media?parent=1490"}],"wp:term":[{"taxonomy":"product_brand","embeddable":true,"href":"https:\/\/www.hello-nature.com\/it\/wp-json\/wp\/v2\/product_brand?post=1490"},{"taxonomy":"product_cat","embeddable":true,"href":"https:\/\/www.hello-nature.com\/it\/wp-json\/wp\/v2\/product_cat?post=1490"},{"taxonomy":"product_tag","embeddable":true,"href":"https:\/\/www.hello-nature.com\/it\/wp-json\/wp\/v2\/product_tag?post=1490"}],"curies":[{"name":"wp","href":"https:\/\/api.w.org\/{rel}","templated":true}]}}