{"id":3780,"date":"2022-04-04T13:45:33","date_gmt":"2022-04-04T13:45:33","guid":{"rendered":"https:\/\/www.hello-nature.com\/it\/?post_type=product&#038;p=3780"},"modified":"2025-08-07T08:30:48","modified_gmt":"2025-08-07T08:30:48","slug":"sonar-8-20","status":"publish","type":"product","link":"https:\/\/www.hello-nature.com\/it\/prodotto\/sonar-8-20\/","title":{"rendered":"Sonar 8-20"},"content":{"rendered":"<p>SONAR 8-20 di Hello Nature \u00e8 la soluzione che assicura una buona quantit\u00e0 di elementi nutritivi durante tutto il ciclo colturale. Rilasciando azoto e fosforo in modo controllato nel tempo, SONAR 8-20 migliora anche i terreni pi\u00f9 stanchi, fornendo alle piante livelli ottimali di sostanza organica biologicamente attiva.<\/p>\n<p>SONAR 8-20 \u00e8 un fertilizzante dotato di un ottimo effetto starter. Con un equilibrato rapporto di azoto e fosforo, \u00e8 ideale per la concimazione dei cereali. SONAR 8-20 fornisce alle piante una grande quantit\u00e0 di sostanza organica biologicamente attiva e pu\u00f2 essere utilizzato in terreni in cui carenza di acqua \u00e8 il grande fattore limitante all\u2019incremento delle rese. SONAR 8-20 contiene nutrienti essenziali e una grande quantit\u00e0 di sostanza organica biologicamente attiva e umificata. I pellet si sciolgono rapidamente nel terreno, migliorando la struttura e la capacit\u00e0 di ritenzione idrica del suolo, evitando perdite o insolubilizzazione degli elementi nutritivi essenziali per la crescita e lo sviluppo delle colture. I concimi organo-minerali Hello Nature sono prodotti con materie prime selezionate secondo rigidi parametri. L&#8217;esclusivo processo produttivo garantisce la massima qualit\u00e0 e sicurezza sanitaria e al tempo stesso offre un prodotto biologicamente attivo, privo di semi di erbe infestanti, agenti patogeni (es. Salmonella, Escherichia coli, ecc.) e ricco di microrganismi utili come i PGPR (Plant Growth Promoting Rhizobacteria).<\/p>\n","protected":false},"excerpt":{"rendered":"<p>SONAR 8-20 di Hello Nature \u00e8 la soluzione che assicura una buona quantit\u00e0 di elementi nutritivi durante tutto il ciclo colturale. Rilasciando azoto e fosforo in modo controllato nel tempo, SONAR 8-20 migliora anche i terreni pi\u00f9 stanchi, fornendo alle piante livelli ottimali di sostanza organica biologicamente attiva.<\/p>\n","protected":false},"featured_media":4427,"template":"","meta":{"_acf_changed":false,"content-type":""},"product_brand":[],"product_cat":[89,93,79,82,94,125,119,84,95,78,122,105,75],"product_tag":[],"class_list":{"0":"post-3780","1":"product","2":"type-product","3":"status-publish","4":"has-post-thumbnail","6":"product_cat-nutrizione-avanzata-applicazione-suolo","7":"product_cat-azoto","8":"product_cat-carenza-di-nutrienti","9":"product_cat-concimazione-del-suolo","10":"product_cat-fosforo","11":"product_cat-grano","12":"product_cat-mais","13":"product_cat-nutrizione-avanzata","14":"product_cat-potassio","15":"product_cat-resa-e-qualita","16":"product_cat-riso","17":"product_cat-sostanza-organica","18":"product_cat-applicazione-al-suolo","20":"first","21":"instock","22":"shipping-taxable","23":"product-type-simple"},"acf":[],"yoast_head":"<!-- This site is optimized with the Yoast SEO plugin v26.8 - https:\/\/yoast.com\/product\/yoast-seo-wordpress\/ -->\n<title>Sonar 8-20 - Hello Nature Italy<\/title>\n<meta name=\"description\" content=\"SONAR 8-20 di Hello Nature \u00e8 la soluzione che assicura una buona quantit\u00e0 di elementi nutritivi durante tutto il ciclo colturale.\" \/>\n<meta name=\"robots\" content=\"index, follow, max-snippet:-1, max-image-preview:large, max-video-preview:-1\" \/>\n<link rel=\"canonical\" href=\"https:\/\/www.hello-nature.com\/it\/prodotto\/sonar-8-20\/\" \/>\n<meta property=\"og:locale\" content=\"en_US\" \/>\n<meta property=\"og:type\" content=\"article\" \/>\n<meta property=\"og:title\" content=\"Sonar 8-20 - Hello Nature Italy\" \/>\n<meta property=\"og:description\" content=\"SONAR 8-20 di Hello Nature \u00e8 la soluzione che assicura una buona quantit\u00e0 di elementi nutritivi durante tutto il ciclo colturale.\" \/>\n<meta property=\"og:url\" content=\"https:\/\/www.hello-nature.com\/it\/prodotto\/sonar-8-20\/\" \/>\n<meta property=\"og:site_name\" content=\"Hello Nature Italy\" \/>\n<meta property=\"article:modified_time\" content=\"2025-08-07T08:30:48+00:00\" \/>\n<meta property=\"og:image\" content=\"https:\/\/www.hello-nature.com\/it\/wp-content\/uploads\/sites\/2\/2024\/10\/sonar-product-image.jpg\" \/>\n\t<meta property=\"og:image:width\" content=\"2560\" \/>\n\t<meta property=\"og:image:height\" content=\"2502\" \/>\n\t<meta property=\"og:image:type\" content=\"image\/jpeg\" \/>\n<meta name=\"twitter:card\" content=\"summary_large_image\" \/>\n<meta name=\"twitter:label1\" content=\"Price\" \/>\n\t<meta name=\"twitter:data1\" content=\"\" \/>\n\t<meta name=\"twitter:label2\" content=\"Availability\" \/>\n\t<meta name=\"twitter:data2\" content=\"In stock\" \/>\n<script type=\"application\/ld+json\" class=\"yoast-schema-graph\">{\"@context\":\"https:\/\/schema.org\",\"@graph\":[{\"@type\":\"WebPage\",\"@id\":\"https:\/\/www.hello-nature.com\/it\/prodotto\/sonar-8-20\/\",\"url\":\"https:\/\/www.hello-nature.com\/it\/prodotto\/sonar-8-20\/\",\"name\":\"Sonar 8-20 - Hello Nature Italy\",\"isPartOf\":{\"@id\":\"https:\/\/www.hello-nature.com\/it\/#website\"},\"primaryImageOfPage\":{\"@id\":\"https:\/\/www.hello-nature.com\/it\/prodotto\/sonar-8-20\/#primaryimage\"},\"image\":{\"@id\":\"https:\/\/www.hello-nature.com\/it\/prodotto\/sonar-8-20\/#primaryimage\"},\"thumbnailUrl\":\"https:\/\/www.hello-nature.com\/it\/wp-content\/uploads\/sites\/2\/2024\/10\/sonar-product-image.jpg\",\"datePublished\":\"2022-04-04T13:45:33+00:00\",\"dateModified\":\"2025-08-07T08:30:48+00:00\",\"description\":\"SONAR 8-20 di Hello Nature \u00e8 la soluzione che assicura una buona quantit\u00e0 di elementi nutritivi durante tutto il ciclo colturale.\",\"breadcrumb\":{\"@id\":\"https:\/\/www.hello-nature.com\/it\/prodotto\/sonar-8-20\/#breadcrumb\"},\"inLanguage\":\"en-US\",\"potentialAction\":[{\"@type\":\"ReadAction\",\"target\":[\"https:\/\/www.hello-nature.com\/it\/prodotto\/sonar-8-20\/\"]}]},{\"@type\":\"ImageObject\",\"inLanguage\":\"en-US\",\"@id\":\"https:\/\/www.hello-nature.com\/it\/prodotto\/sonar-8-20\/#primaryimage\",\"url\":\"https:\/\/www.hello-nature.com\/it\/wp-content\/uploads\/sites\/2\/2024\/10\/sonar-product-image.jpg\",\"contentUrl\":\"https:\/\/www.hello-nature.com\/it\/wp-content\/uploads\/sites\/2\/2024\/10\/sonar-product-image.jpg\",\"width\":2560,\"height\":2502},{\"@type\":\"BreadcrumbList\",\"@id\":\"https:\/\/www.hello-nature.com\/it\/prodotto\/sonar-8-20\/#breadcrumb\",\"itemListElement\":[{\"@type\":\"ListItem\",\"position\":1,\"name\":\"Home\",\"item\":\"https:\/\/www.hello-nature.com\/it\/\"},{\"@type\":\"ListItem\",\"position\":2,\"name\":\"Prodotti\",\"item\":\"https:\/\/www.hello-nature.com\/it\/shop\/\"},{\"@type\":\"ListItem\",\"position\":3,\"name\":\"Sonar 8-20\"}]},{\"@type\":\"WebSite\",\"@id\":\"https:\/\/www.hello-nature.com\/it\/#website\",\"url\":\"https:\/\/www.hello-nature.com\/it\/\",\"name\":\"Hello Nature Italy\",\"description\":\"Everyday Hello Nature!\",\"publisher\":{\"@id\":\"https:\/\/www.hello-nature.com\/it\/#organization\"},\"potentialAction\":[{\"@type\":\"SearchAction\",\"target\":{\"@type\":\"EntryPoint\",\"urlTemplate\":\"https:\/\/www.hello-nature.com\/it\/?s={search_term_string}\"},\"query-input\":{\"@type\":\"PropertyValueSpecification\",\"valueRequired\":true,\"valueName\":\"search_term_string\"}}],\"inLanguage\":\"en-US\"},{\"@type\":\"Organization\",\"@id\":\"https:\/\/www.hello-nature.com\/it\/#organization\",\"name\":\"Hello Nature\",\"url\":\"https:\/\/www.hello-nature.com\/it\/\",\"logo\":{\"@type\":\"ImageObject\",\"inLanguage\":\"en-US\",\"@id\":\"https:\/\/www.hello-nature.com\/it\/#\/schema\/logo\/image\/\",\"url\":\"https:\/\/www.hello-nature.com\/wp-content\/uploads\/sites\/5\/2021\/01\/HN-Logo.jpg\",\"contentUrl\":\"https:\/\/www.hello-nature.com\/wp-content\/uploads\/sites\/5\/2021\/01\/HN-Logo.jpg\",\"width\":350,\"height\":250,\"caption\":\"Hello Nature\"},\"image\":{\"@id\":\"https:\/\/www.hello-nature.com\/it\/#\/schema\/logo\/image\/\"}}]}<\/script>\n<meta property=\"product:price:currency\" content=\"GBP\" \/>\n<meta property=\"og:availability\" content=\"instock\" \/>\n<meta property=\"product:availability\" content=\"instock\" \/>\n<meta property=\"product:condition\" content=\"new\" \/>\n<!-- \/ Yoast SEO plugin. -->","yoast_head_json":{"title":"Sonar 8-20 - Hello Nature Italy","description":"SONAR 8-20 di Hello Nature \u00e8 la soluzione che assicura una buona quantit\u00e0 di elementi nutritivi durante tutto il ciclo colturale.","robots":{"index":"index","follow":"follow","max-snippet":"max-snippet:-1","max-image-preview":"max-image-preview:large","max-video-preview":"max-video-preview:-1"},"canonical":"https:\/\/www.hello-nature.com\/it\/prodotto\/sonar-8-20\/","og_locale":"en_US","og_type":"article","og_title":"Sonar 8-20 - Hello Nature Italy","og_description":"SONAR 8-20 di Hello Nature \u00e8 la soluzione che assicura una buona quantit\u00e0 di elementi nutritivi durante tutto il ciclo colturale.","og_url":"https:\/\/www.hello-nature.com\/it\/prodotto\/sonar-8-20\/","og_site_name":"Hello Nature Italy","article_modified_time":"2025-08-07T08:30:48+00:00","og_image":[{"width":2560,"height":2502,"url":"https:\/\/www.hello-nature.com\/it\/wp-content\/uploads\/sites\/2\/2024\/10\/sonar-product-image.jpg","type":"image\/jpeg"}],"twitter_card":"summary_large_image","twitter_misc":{"Price":"","Availability":"In stock"},"schema":{"@context":"https:\/\/schema.org","@graph":[{"@type":"WebPage","@id":"https:\/\/www.hello-nature.com\/it\/prodotto\/sonar-8-20\/","url":"https:\/\/www.hello-nature.com\/it\/prodotto\/sonar-8-20\/","name":"Sonar 8-20 - Hello Nature Italy","isPartOf":{"@id":"https:\/\/www.hello-nature.com\/it\/#website"},"primaryImageOfPage":{"@id":"https:\/\/www.hello-nature.com\/it\/prodotto\/sonar-8-20\/#primaryimage"},"image":{"@id":"https:\/\/www.hello-nature.com\/it\/prodotto\/sonar-8-20\/#primaryimage"},"thumbnailUrl":"https:\/\/www.hello-nature.com\/it\/wp-content\/uploads\/sites\/2\/2024\/10\/sonar-product-image.jpg","datePublished":"2022-04-04T13:45:33+00:00","dateModified":"2025-08-07T08:30:48+00:00","description":"SONAR 8-20 di Hello Nature \u00e8 la soluzione che assicura una buona quantit\u00e0 di elementi nutritivi durante tutto il ciclo colturale.","breadcrumb":{"@id":"https:\/\/www.hello-nature.com\/it\/prodotto\/sonar-8-20\/#breadcrumb"},"inLanguage":"en-US","potentialAction":[{"@type":"ReadAction","target":["https:\/\/www.hello-nature.com\/it\/prodotto\/sonar-8-20\/"]}]},{"@type":"ImageObject","inLanguage":"en-US","@id":"https:\/\/www.hello-nature.com\/it\/prodotto\/sonar-8-20\/#primaryimage","url":"https:\/\/www.hello-nature.com\/it\/wp-content\/uploads\/sites\/2\/2024\/10\/sonar-product-image.jpg","contentUrl":"https:\/\/www.hello-nature.com\/it\/wp-content\/uploads\/sites\/2\/2024\/10\/sonar-product-image.jpg","width":2560,"height":2502},{"@type":"BreadcrumbList","@id":"https:\/\/www.hello-nature.com\/it\/prodotto\/sonar-8-20\/#breadcrumb","itemListElement":[{"@type":"ListItem","position":1,"name":"Home","item":"https:\/\/www.hello-nature.com\/it\/"},{"@type":"ListItem","position":2,"name":"Prodotti","item":"https:\/\/www.hello-nature.com\/it\/shop\/"},{"@type":"ListItem","position":3,"name":"Sonar 8-20"}]},{"@type":"WebSite","@id":"https:\/\/www.hello-nature.com\/it\/#website","url":"https:\/\/www.hello-nature.com\/it\/","name":"Hello Nature Italy","description":"Everyday Hello Nature!","publisher":{"@id":"https:\/\/www.hello-nature.com\/it\/#organization"},"potentialAction":[{"@type":"SearchAction","target":{"@type":"EntryPoint","urlTemplate":"https:\/\/www.hello-nature.com\/it\/?s={search_term_string}"},"query-input":{"@type":"PropertyValueSpecification","valueRequired":true,"valueName":"search_term_string"}}],"inLanguage":"en-US"},{"@type":"Organization","@id":"https:\/\/www.hello-nature.com\/it\/#organization","name":"Hello Nature","url":"https:\/\/www.hello-nature.com\/it\/","logo":{"@type":"ImageObject","inLanguage":"en-US","@id":"https:\/\/www.hello-nature.com\/it\/#\/schema\/logo\/image\/","url":"https:\/\/www.hello-nature.com\/wp-content\/uploads\/sites\/5\/2021\/01\/HN-Logo.jpg","contentUrl":"https:\/\/www.hello-nature.com\/wp-content\/uploads\/sites\/5\/2021\/01\/HN-Logo.jpg","width":350,"height":250,"caption":"Hello Nature"},"image":{"@id":"https:\/\/www.hello-nature.com\/it\/#\/schema\/logo\/image\/"}}]},"product_price_currency":"GBP","og_availability":"instock","product_availability":"instock","product_condition":"new"},"_links":{"self":[{"href":"https:\/\/www.hello-nature.com\/it\/wp-json\/wp\/v2\/product\/3780","targetHints":{"allow":["GET"]}}],"collection":[{"href":"https:\/\/www.hello-nature.com\/it\/wp-json\/wp\/v2\/product"}],"about":[{"href":"https:\/\/www.hello-nature.com\/it\/wp-json\/wp\/v2\/types\/product"}],"wp:featuredmedia":[{"embeddable":true,"href":"https:\/\/www.hello-nature.com\/it\/wp-json\/wp\/v2\/media\/4427"}],"wp:attachment":[{"href":"https:\/\/www.hello-nature.com\/it\/wp-json\/wp\/v2\/media?parent=3780"}],"wp:term":[{"taxonomy":"product_brand","embeddable":true,"href":"https:\/\/www.hello-nature.com\/it\/wp-json\/wp\/v2\/product_brand?post=3780"},{"taxonomy":"product_cat","embeddable":true,"href":"https:\/\/www.hello-nature.com\/it\/wp-json\/wp\/v2\/product_cat?post=3780"},{"taxonomy":"product_tag","embeddable":true,"href":"https:\/\/www.hello-nature.com\/it\/wp-json\/wp\/v2\/product_tag?post=3780"}],"curies":[{"name":"wp","href":"https:\/\/api.w.org\/{rel}","templated":true}]}}